{"id":9475,"date":"2021-02-15T01:03:50","date_gmt":"2021-02-15T00:03:50","guid":{"rendered":"https:\/\/labachecapraiano.com\/?post_type=product&#038;p=9475"},"modified":"2022-10-22T16:44:20","modified_gmt":"2022-10-22T14:44:20","slug":"portatovaglioli-onda","status":"publish","type":"product","link":"https:\/\/labachecapraiano.com\/servizi-tavola\/portatovaglioli-onda\/","title":{"rendered":"Portatovaglioli onda"},"content":{"rendered":"<p>Il portatovaglioli onda della collezione Double, con il suo design allegro e colorato, aggiunger\u00e0 quel tocco in pi\u00f9 alla vostra tavola.<\/p>\n<p>Essendo fatto interamente a mano, ogni prodotto \u00e8 un pezzo unico e non ci saranno mai due articoli esattamente identici.\u00a0 Delle piccolissime variazioni sono, infatti, sinonimo della completa artigianalit\u00e0 delle nostre ceramiche.<\/p>\n<p>I nostri servizi da tavola sono realizzati con materiali atossici e smalti per uso alimentare e possono essere tranquillamente lavati in lavastoviglie. Ne sconsigliamo invece l\u2019uso in microonde.<\/p>\n","protected":false},"excerpt":{"rendered":"<p>Il portatovaglioli onda della collezione Double, con il suo design allegro e colorato, aggiunger\u00e0 quel tocco in pi\u00f9 alla vostra tavola.<\/p>\n<p>Essendo fatto interamente a mano, ogni prodotto \u00e8 un pezzo unico e non ci saranno mai due articoli esattamente identici.\u00a0 Delle piccolissime variazioni sono, infatti, sinonimo della completa artigianalit\u00e0 delle nostre ceramiche.<\/p>\n<p>I nostri servizi da tavola sono realizzati con materiali atossici e smalti per uso alimentare e possono essere tranquillamente lavati in lavastoviglie. Ne sconsigliamo invece l\u2019uso in microonde.<\/p>\n","protected":false},"featured_media":9476,"template":"","meta":{"_joinchat":[]},"product_brand":[],"product_cat":[96],"product_tag":[],"giftcard-category":[],"class_list":{"0":"post-9475","1":"product","2":"type-product","3":"status-publish","4":"has-post-thumbnail","6":"product_cat-servizi-tavola","8":"first","9":"outofstock","10":"taxable","11":"shipping-taxable","12":"product-type-simple"},"yoast_head":"<!-- This site is optimized with the Yoast SEO plugin v26.4 - https:\/\/yoast.com\/wordpress\/plugins\/seo\/ -->\n<title>Portatovaglioli onda | Bacheca Praiano<\/title>\n<meta name=\"robots\" content=\"index, follow, max-snippet:-1, max-image-preview:large, max-video-preview:-1\" \/>\n<link rel=\"canonical\" href=\"https:\/\/labachecapraiano.com\/servizi-tavola\/portatovaglioli-onda\/\" \/>\n<meta property=\"og:locale\" content=\"en_US\" \/>\n<meta property=\"og:type\" content=\"article\" \/>\n<meta property=\"og:title\" content=\"Portatovaglioli onda | Bacheca Praiano\" \/>\n<meta property=\"og:description\" content=\"Il portatovaglioli onda della collezione Double, con il suo design allegro e colorato, aggiunger\u00e0 quel tocco in pi\u00f9 alla vostra tavola.  Essendo fatto interamente a mano, ogni prodotto \u00e8 un pezzo unico e non ci saranno mai due articoli esattamente identici.\u00a0 Delle piccolissime variazioni sono, infatti, sinonimo della completa artigianalit\u00e0 delle nostre ceramiche.  I nostri servizi da tavola sono realizzati con materiali atossici e smalti per uso alimentare e possono essere tranquillamente lavati in lavastoviglie. Ne sconsigliamo invece l\u2019uso in microonde.\" \/>\n<meta property=\"og:url\" content=\"https:\/\/labachecapraiano.com\/servizi-tavola\/portatovaglioli-onda\/\" \/>\n<meta property=\"og:site_name\" content=\"Bacheca Praiano\" \/>\n<meta property=\"article:modified_time\" content=\"2022-10-22T14:44:20+00:00\" \/>\n<meta property=\"og:image\" content=\"https:\/\/labachecapraiano.com\/wp-content\/uploads\/2021\/02\/RAF_7788-scaled.jpg\" \/>\n\t<meta property=\"og:image:width\" content=\"2560\" \/>\n\t<meta property=\"og:image:height\" content=\"1704\" \/>\n\t<meta property=\"og:image:type\" content=\"image\/jpeg\" \/>\n<meta name=\"twitter:card\" content=\"summary_large_image\" \/>\n<meta name=\"twitter:label1\" content=\"Est. reading time\" \/>\n\t<meta name=\"twitter:data1\" content=\"1 minute\" \/>\n<script type=\"application\/ld+json\" class=\"yoast-schema-graph\">{\"@context\":\"https:\/\/schema.org\",\"@graph\":[{\"@type\":\"WebPage\",\"@id\":\"https:\/\/labachecapraiano.com\/servizi-tavola\/portatovaglioli-onda\/\",\"url\":\"https:\/\/labachecapraiano.com\/servizi-tavola\/portatovaglioli-onda\/\",\"name\":\"Portatovaglioli onda | Bacheca Praiano\",\"isPartOf\":{\"@id\":\"https:\/\/labachecapraiano.com\/en\/#website\"},\"primaryImageOfPage\":{\"@id\":\"https:\/\/labachecapraiano.com\/servizi-tavola\/portatovaglioli-onda\/#primaryimage\"},\"image\":{\"@id\":\"https:\/\/labachecapraiano.com\/servizi-tavola\/portatovaglioli-onda\/#primaryimage\"},\"thumbnailUrl\":\"https:\/\/labachecapraiano.com\/wp-content\/uploads\/2021\/02\/RAF_7788-scaled.jpg\",\"datePublished\":\"2021-02-15T00:03:50+00:00\",\"dateModified\":\"2022-10-22T14:44:20+00:00\",\"breadcrumb\":{\"@id\":\"https:\/\/labachecapraiano.com\/servizi-tavola\/portatovaglioli-onda\/#breadcrumb\"},\"inLanguage\":\"en-US\",\"potentialAction\":[{\"@type\":\"ReadAction\",\"target\":[\"https:\/\/labachecapraiano.com\/servizi-tavola\/portatovaglioli-onda\/\"]}]},{\"@type\":\"ImageObject\",\"inLanguage\":\"en-US\",\"@id\":\"https:\/\/labachecapraiano.com\/servizi-tavola\/portatovaglioli-onda\/#primaryimage\",\"url\":\"https:\/\/labachecapraiano.com\/wp-content\/uploads\/2021\/02\/RAF_7788-scaled.jpg\",\"contentUrl\":\"https:\/\/labachecapraiano.com\/wp-content\/uploads\/2021\/02\/RAF_7788-scaled.jpg\",\"width\":2560,\"height\":1704},{\"@type\":\"BreadcrumbList\",\"@id\":\"https:\/\/labachecapraiano.com\/servizi-tavola\/portatovaglioli-onda\/#breadcrumb\",\"itemListElement\":[{\"@type\":\"ListItem\",\"position\":1,\"name\":\"Home\",\"item\":\"https:\/\/labachecapraiano.com\/en\/\"},{\"@type\":\"ListItem\",\"position\":2,\"name\":\"Shop\",\"item\":\"https:\/\/labachecapraiano.com\/en\/shop\/\"},{\"@type\":\"ListItem\",\"position\":3,\"name\":\"Portatovaglioli onda\"}]},{\"@type\":\"WebSite\",\"@id\":\"https:\/\/labachecapraiano.com\/en\/#website\",\"url\":\"https:\/\/labachecapraiano.com\/en\/\",\"name\":\"Bacheca Praiano\",\"description\":\"Amalfi Coast Ceramics\",\"potentialAction\":[{\"@type\":\"SearchAction\",\"target\":{\"@type\":\"EntryPoint\",\"urlTemplate\":\"https:\/\/labachecapraiano.com\/en\/?s={search_term_string}\"},\"query-input\":{\"@type\":\"PropertyValueSpecification\",\"valueRequired\":true,\"valueName\":\"search_term_string\"}}],\"inLanguage\":\"en-US\"}]}<\/script>\n<!-- \/ Yoast SEO plugin. -->","yoast_head_json":{"title":"Portatovaglioli onda | Bacheca Praiano","robots":{"index":"index","follow":"follow","max-snippet":"max-snippet:-1","max-image-preview":"max-image-preview:large","max-video-preview":"max-video-preview:-1"},"canonical":"https:\/\/labachecapraiano.com\/servizi-tavola\/portatovaglioli-onda\/","og_locale":"en_US","og_type":"article","og_title":"Portatovaglioli onda | Bacheca Praiano","og_description":"Il portatovaglioli onda della collezione Double, con il suo design allegro e colorato, aggiunger\u00e0 quel tocco in pi\u00f9 alla vostra tavola.  Essendo fatto interamente a mano, ogni prodotto \u00e8 un pezzo unico e non ci saranno mai due articoli esattamente identici.\u00a0 Delle piccolissime variazioni sono, infatti, sinonimo della completa artigianalit\u00e0 delle nostre ceramiche.  I nostri servizi da tavola sono realizzati con materiali atossici e smalti per uso alimentare e possono essere tranquillamente lavati in lavastoviglie. Ne sconsigliamo invece l\u2019uso in microonde.","og_url":"https:\/\/labachecapraiano.com\/servizi-tavola\/portatovaglioli-onda\/","og_site_name":"Bacheca Praiano","article_modified_time":"2022-10-22T14:44:20+00:00","og_image":[{"width":2560,"height":1704,"url":"https:\/\/labachecapraiano.com\/wp-content\/uploads\/2021\/02\/RAF_7788-scaled.jpg","type":"image\/jpeg"}],"twitter_card":"summary_large_image","twitter_misc":{"Est. reading time":"1 minute"},"schema":{"@context":"https:\/\/schema.org","@graph":[{"@type":"WebPage","@id":"https:\/\/labachecapraiano.com\/servizi-tavola\/portatovaglioli-onda\/","url":"https:\/\/labachecapraiano.com\/servizi-tavola\/portatovaglioli-onda\/","name":"Portatovaglioli onda | Bacheca Praiano","isPartOf":{"@id":"https:\/\/labachecapraiano.com\/en\/#website"},"primaryImageOfPage":{"@id":"https:\/\/labachecapraiano.com\/servizi-tavola\/portatovaglioli-onda\/#primaryimage"},"image":{"@id":"https:\/\/labachecapraiano.com\/servizi-tavola\/portatovaglioli-onda\/#primaryimage"},"thumbnailUrl":"https:\/\/labachecapraiano.com\/wp-content\/uploads\/2021\/02\/RAF_7788-scaled.jpg","datePublished":"2021-02-15T00:03:50+00:00","dateModified":"2022-10-22T14:44:20+00:00","breadcrumb":{"@id":"https:\/\/labachecapraiano.com\/servizi-tavola\/portatovaglioli-onda\/#breadcrumb"},"inLanguage":"en-US","potentialAction":[{"@type":"ReadAction","target":["https:\/\/labachecapraiano.com\/servizi-tavola\/portatovaglioli-onda\/"]}]},{"@type":"ImageObject","inLanguage":"en-US","@id":"https:\/\/labachecapraiano.com\/servizi-tavola\/portatovaglioli-onda\/#primaryimage","url":"https:\/\/labachecapraiano.com\/wp-content\/uploads\/2021\/02\/RAF_7788-scaled.jpg","contentUrl":"https:\/\/labachecapraiano.com\/wp-content\/uploads\/2021\/02\/RAF_7788-scaled.jpg","width":2560,"height":1704},{"@type":"BreadcrumbList","@id":"https:\/\/labachecapraiano.com\/servizi-tavola\/portatovaglioli-onda\/#breadcrumb","itemListElement":[{"@type":"ListItem","position":1,"name":"Home","item":"https:\/\/labachecapraiano.com\/en\/"},{"@type":"ListItem","position":2,"name":"Shop","item":"https:\/\/labachecapraiano.com\/en\/shop\/"},{"@type":"ListItem","position":3,"name":"Portatovaglioli onda"}]},{"@type":"WebSite","@id":"https:\/\/labachecapraiano.com\/en\/#website","url":"https:\/\/labachecapraiano.com\/en\/","name":"Bacheca Praiano","description":"Amalfi Coast Ceramics","potentialAction":[{"@type":"SearchAction","target":{"@type":"EntryPoint","urlTemplate":"https:\/\/labachecapraiano.com\/en\/?s={search_term_string}"},"query-input":{"@type":"PropertyValueSpecification","valueRequired":true,"valueName":"search_term_string"}}],"inLanguage":"en-US"}]}},"_links":{"self":[{"href":"https:\/\/labachecapraiano.com\/en\/wp-json\/wp\/v2\/product\/9475","targetHints":{"allow":["GET"]}}],"collection":[{"href":"https:\/\/labachecapraiano.com\/en\/wp-json\/wp\/v2\/product"}],"about":[{"href":"https:\/\/labachecapraiano.com\/en\/wp-json\/wp\/v2\/types\/product"}],"wp:featuredmedia":[{"embeddable":true,"href":"https:\/\/labachecapraiano.com\/en\/wp-json\/wp\/v2\/media\/9476"}],"wp:attachment":[{"href":"https:\/\/labachecapraiano.com\/en\/wp-json\/wp\/v2\/media?parent=9475"}],"wp:term":[{"taxonomy":"product_brand","embeddable":true,"href":"https:\/\/labachecapraiano.com\/en\/wp-json\/wp\/v2\/product_brand?post=9475"},{"taxonomy":"product_cat","embeddable":true,"href":"https:\/\/labachecapraiano.com\/en\/wp-json\/wp\/v2\/product_cat?post=9475"},{"taxonomy":"product_tag","embeddable":true,"href":"https:\/\/labachecapraiano.com\/en\/wp-json\/wp\/v2\/product_tag?post=9475"},{"taxonomy":"giftcard-category","embeddable":true,"href":"https:\/\/labachecapraiano.com\/en\/wp-json\/wp\/v2\/giftcard-category?post=9475"}],"curies":[{"name":"wp","href":"https:\/\/api.w.org\/{rel}","templated":true}]}}